{"id":104,"date":"2015-11-29T18:06:07","date_gmt":"2015-11-29T18:06:07","guid":{"rendered":"http:\/\/fr-management.de\/?page_id=104"},"modified":"2016-05-24T10:59:43","modified_gmt":"2016-05-24T10:59:43","slug":"coach-the-coach","status":"publish","type":"page","link":"http:\/\/fr-management.de\/?page_id=104","title":{"rendered":"Coach the Coach"},"content":{"rendered":"<p style=\"text-align: justify;\">Trainer sind ambitioniert und haben eine hohe Erwartungshaltung an sich und ihre Arbeit. Die M\u00f6glichkeiten die eigenen Kompetenzen weiterzuentwickeln und die daf\u00fcr erforderlichen Zeitressourcen sind auch f\u00fcr ehrenamtliche Trainer sehr begrenzt.<\/p>\n<p style=\"text-align: justify;\">Wir arbeiten direkt und pers\u00f6nlich mit dem Trainer auf und neben dem Platz mit dem konkreten Ziel, F\u00e4higkeiten zu erwerben, bzw. zu verbessern und Fachkenntnisse zu erweitern.<\/p>\n<p style=\"text-align: justify;\">Erfahrene, langj\u00e4hrige Trainer profitieren davon im gleichen Ma\u00dfe wie Trainerneulinge. Um mehr dar\u00fcber zu erfahren, k\u00f6nnen Sie uns gerne kontaktieren:<\/p>\n<p style=\"text-align: justify;\">Florian Rensch<br \/>\nE-Mail:<span style=\"color: #339966;\"> <a style=\"color: #339966;\" href=\"http:\/\/rensch@fr-management.de\">rensch@fr-management.de<\/a><\/span><br \/>\nMobil: +49 (0) 151 470 63 584<\/p>\n<p style=\"text-align: justify;\"><a href=\"http:\/\/fr-management.de\/wp-content\/uploads\/2015\/11\/cropped-logoneu.jpg\"><img loading=\"lazy\" decoding=\"async\" class=\"alignleft size-full wp-image-19\" src=\"http:\/\/fr-management.de\/wp-content\/uploads\/2015\/11\/cropped-logoneu.jpg\" alt=\"cropped-logoneu.jpg\" width=\"1260\" height=\"171\" srcset=\"http:\/\/fr-management.de\/wp-content\/uploads\/2015\/11\/cropped-logoneu.jpg 1260w, http:\/\/fr-management.de\/wp-content\/uploads\/2015\/11\/cropped-logoneu-300x41.jpg 300w, http:\/\/fr-management.de\/wp-content\/uploads\/2015\/11\/cropped-logoneu-1024x139.jpg 1024w, http:\/\/fr-management.de\/wp-content\/uploads\/2015\/11\/cropped-logoneu-1180x160.jpg 1180w\" sizes=\"auto, (max-width: 1260px) 100vw, 1260px\" \/><\/a><\/p>\n","protected":false},"excerpt":{"rendered":"<p>Trainer sind ambitioniert und haben eine hohe Erwartungshaltung an sich und ihre Arbeit. Die M\u00f6glichkeiten die eigenen Kompetenzen weiterzuentwickeln und die daf\u00fcr erforderlichen Zeitressourcen sind auch f\u00fcr ehrenamtliche Trainer sehr begrenzt. Wir arbeiten direkt und pers\u00f6nlich mit dem Trainer auf und neben dem Platz mit dem konkreten Ziel, F\u00e4higkeiten zu erwerben, bzw. zu verbessern und &hellip; <a href=\"http:\/\/fr-management.de\/?page_id=104\" class=\"more-link\">Weiterlesen <span class=\"screen-reader-text\">Coach the Coach<\/span><\/a><\/p>\n","protected":false},"author":1,"featured_media":730,"parent":0,"menu_order":0,"comment_status":"closed","ping_status":"closed","template":"","meta":{"footnotes":""},"class_list":["post-104","page","type-page","status-publish","has-post-thumbnail","hentry","with-featured-image"],"_links":{"self":[{"href":"http:\/\/fr-management.de\/index.php?rest_route=\/wp\/v2\/pages\/104","targetHints":{"allow":["GET"]}}],"collection":[{"href":"http:\/\/fr-management.de\/index.php?rest_route=\/wp\/v2\/pages"}],"about":[{"href":"http:\/\/fr-management.de\/index.php?rest_route=\/wp\/v2\/types\/page"}],"author":[{"embeddable":true,"href":"http:\/\/fr-management.de\/index.php?rest_route=\/wp\/v2\/users\/1"}],"replies":[{"embeddable":true,"href":"http:\/\/fr-management.de\/index.php?rest_route=%2Fwp%2Fv2%2Fcomments&post=104"}],"version-history":[{"count":12,"href":"http:\/\/fr-management.de\/index.php?rest_route=\/wp\/v2\/pages\/104\/revisions"}],"predecessor-version":[{"id":830,"href":"http:\/\/fr-management.de\/index.php?rest_route=\/wp\/v2\/pages\/104\/revisions\/830"}],"wp:featuredmedia":[{"embeddable":true,"href":"http:\/\/fr-management.de\/index.php?rest_route=\/wp\/v2\/media\/730"}],"wp:attachment":[{"href":"http:\/\/fr-management.de\/index.php?rest_route=%2Fwp%2Fv2%2Fmedia&parent=104"}],"curies":[{"name":"wp","href":"https:\/\/api.w.org\/{rel}","templated":true}]}}