{"id":108,"date":"2015-11-29T18:06:56","date_gmt":"2015-11-29T18:06:56","guid":{"rendered":"http:\/\/fr-management.de\/?page_id=108"},"modified":"2017-03-20T10:15:31","modified_gmt":"2017-03-20T10:15:31","slug":"jugendaustausch","status":"publish","type":"page","link":"http:\/\/fr-management.de\/?page_id=108","title":{"rendered":"Jugendaustausch"},"content":{"rendered":"<p style=\"text-align: justify;\">Wir sehen uns auch als Plattform f\u00fcr internationale Begegnungen. Ein Jugendaustausch setzt immer neue Impulse. \u00a0Das Kennenlernen anderer Kulturkreise und Mentalit\u00e4ten erweitert den eigenen Horizont und wird zur bleibenden Erinnerung.<\/p>\n<p style=\"text-align: justify;\">Schulen und Vereine k\u00f6nnen sich an uns wenden, wenn es um die Planung und Durchf\u00fchrung eines Jugendaustausch-Programms geht. Wir stellen gerne den Kontakt zu Partnerschulen und -vereinen im Ausland her und \u00fcbernehmen die Logistik f\u00fcr ihren Aufenthalt.<\/p>\n<p style=\"text-align: justify;\">Rufen Sie uns einfach an oder schreiben Sie uns an unter:<\/p>\n<p style=\"text-align: justify;\">Florian Rensch<br \/>\nE-Mail: <span style=\"color: #339966;\"><a style=\"color: #339966;\" href=\"http:\/\/rensch@fr-management.de\">rensch@fr-management.de<\/a><\/span><br \/>\nMobil: + 49 151 470 63 584<\/p>\n<p><a href=\"http:\/\/fr-management.de\/wp-content\/uploads\/2015\/11\/cropped-logoneu.jpg\"><img loading=\"lazy\" decoding=\"async\" class=\"alignleft size-full wp-image-19\" src=\"http:\/\/fr-management.de\/wp-content\/uploads\/2015\/11\/cropped-logoneu.jpg\" alt=\"cropped-logoneu.jpg\" width=\"1260\" height=\"171\" srcset=\"http:\/\/fr-management.de\/wp-content\/uploads\/2015\/11\/cropped-logoneu.jpg 1260w, http:\/\/fr-management.de\/wp-content\/uploads\/2015\/11\/cropped-logoneu-300x41.jpg 300w, http:\/\/fr-management.de\/wp-content\/uploads\/2015\/11\/cropped-logoneu-1024x139.jpg 1024w, http:\/\/fr-management.de\/wp-content\/uploads\/2015\/11\/cropped-logoneu-1180x160.jpg 1180w\" sizes=\"auto, (max-width: 1260px) 100vw, 1260px\" \/><\/a><\/p>\n","protected":false},"excerpt":{"rendered":"<p>Wir sehen uns auch als Plattform f\u00fcr internationale Begegnungen. Ein Jugendaustausch setzt immer neue Impulse. \u00a0Das Kennenlernen anderer Kulturkreise und Mentalit\u00e4ten erweitert den eigenen Horizont und wird zur bleibenden Erinnerung. Schulen und Vereine k\u00f6nnen sich an uns wenden, wenn es um die Planung und Durchf\u00fchrung eines Jugendaustausch-Programms geht. Wir stellen gerne den Kontakt zu Partnerschulen &hellip; <a href=\"http:\/\/fr-management.de\/?page_id=108\" class=\"more-link\">Weiterlesen <span class=\"screen-reader-text\">Jugendaustausch<\/span><\/a><\/p>\n","protected":false},"author":1,"featured_media":690,"parent":0,"menu_order":0,"comment_status":"closed","ping_status":"closed","template":"","meta":{"footnotes":""},"class_list":["post-108","page","type-page","status-publish","has-post-thumbnail","hentry","with-featured-image"],"_links":{"self":[{"href":"http:\/\/fr-management.de\/index.php?rest_route=\/wp\/v2\/pages\/108","targetHints":{"allow":["GET"]}}],"collection":[{"href":"http:\/\/fr-management.de\/index.php?rest_route=\/wp\/v2\/pages"}],"about":[{"href":"http:\/\/fr-management.de\/index.php?rest_route=\/wp\/v2\/types\/page"}],"author":[{"embeddable":true,"href":"http:\/\/fr-management.de\/index.php?rest_route=\/wp\/v2\/users\/1"}],"replies":[{"embeddable":true,"href":"http:\/\/fr-management.de\/index.php?rest_route=%2Fwp%2Fv2%2Fcomments&post=108"}],"version-history":[{"count":10,"href":"http:\/\/fr-management.de\/index.php?rest_route=\/wp\/v2\/pages\/108\/revisions"}],"predecessor-version":[{"id":863,"href":"http:\/\/fr-management.de\/index.php?rest_route=\/wp\/v2\/pages\/108\/revisions\/863"}],"wp:featuredmedia":[{"embeddable":true,"href":"http:\/\/fr-management.de\/index.php?rest_route=\/wp\/v2\/media\/690"}],"wp:attachment":[{"href":"http:\/\/fr-management.de\/index.php?rest_route=%2Fwp%2Fv2%2Fmedia&parent=108"}],"curies":[{"name":"wp","href":"https:\/\/api.w.org\/{rel}","templated":true}]}}