{"id":174,"date":"2015-12-04T16:38:58","date_gmt":"2015-12-04T16:38:58","guid":{"rendered":"http:\/\/fr-management.de\/?page_id=174"},"modified":"2018-12-27T17:14:49","modified_gmt":"2018-12-27T17:14:49","slug":"news","status":"publish","type":"page","link":"http:\/\/fr-management.de\/?page_id=174","title":{"rendered":"News"},"content":{"rendered":"<p style=\"text-align: justify;\"><a href=\"http:\/\/fr-management.de\/wp-content\/uploads\/2015\/12\/bigi18-214x300.jpg\"><img loading=\"lazy\" decoding=\"async\" class=\"alignleft wp-image-852\" src=\"http:\/\/fr-management.de\/wp-content\/uploads\/2015\/12\/bigi18-214x300.jpg\" alt=\"bigi18-214x300\" width=\"230\" height=\"322\" \/><\/a>Die Soccer Family (&#8222;Die Fu\u00dfballfamilie&#8220;) ist das Format der FR Management f\u00fcr Fu\u00dfballprojekte mit Kindern und Jugendlichen sowie Fu\u00dfballaktivit\u00e4ten mit sozialer Nachhaltigkeit. Auch 2019 findet zum wiederholten Male das Soccer-Family-Fu\u00dfballcamp beim ASV Kiefersfelden statt.<\/p>\n<div id=\"content\" class=\"span9\">\n<div id=\"post-66\" class=\"post\">\n<div class=\"skepost clearfix\">\n<p style=\"text-align: justify;\">Aktive oder ehemalige Profifussballer, wie z.B. Max Nicu, Sascha Bigalke, Thomas Steinherr und\u00a0 Fabian G\u00f6tze waren in den letzten Jahren genauso Teil des Trainerstabs der Soccer Family wie erfahrene, haupt- und nebenberufliche Jugendtrainer aus DFB-Nachwuchsleistungzentren. Weiter Informationen gibt es auf der Website der <a href=\"http:\/\/www.soccer-family.de\">Soccer Family \/ Die Fu\u00dfballfamile.<\/a><\/p>\n<\/div>\n<\/div>\n<div class=\"post\">\n<p><a href=\"http:\/\/fr-management.de\/wp-content\/uploads\/2015\/12\/Plakat-ASV-Kiefersfelden-Vorlage-2019-Kopie.jpg\"><img loading=\"lazy\" decoding=\"async\" class=\"alignleft wp-image-875\" src=\"http:\/\/fr-management.de\/wp-content\/uploads\/2015\/12\/Plakat-ASV-Kiefersfelden-Vorlage-2019-Kopie.jpg\" alt=\"Plakat ASV Kiefersfelden Vorlage 2019 Kopie\" width=\"568\" height=\"779\" srcset=\"http:\/\/fr-management.de\/wp-content\/uploads\/2015\/12\/Plakat-ASV-Kiefersfelden-Vorlage-2019-Kopie.jpg 2189w, http:\/\/fr-management.de\/wp-content\/uploads\/2015\/12\/Plakat-ASV-Kiefersfelden-Vorlage-2019-Kopie-219x300.jpg 219w, http:\/\/fr-management.de\/wp-content\/uploads\/2015\/12\/Plakat-ASV-Kiefersfelden-Vorlage-2019-Kopie-747x1024.jpg 747w, http:\/\/fr-management.de\/wp-content\/uploads\/2015\/12\/Plakat-ASV-Kiefersfelden-Vorlage-2019-Kopie-277x380.jpg 277w\" sizes=\"auto, (max-width: 568px) 100vw, 568px\" \/><\/a><\/p>\n<p>&nbsp;<\/p>\n<p>&nbsp;<\/p>\n<p><img loading=\"lazy\" decoding=\"async\" class=\"wp-image-19 alignnone\" src=\"http:\/\/fr-management.de\/wp-content\/uploads\/2015\/11\/cropped-logoneu.jpg\" alt=\"cropped-logoneu.jpg\" width=\"568\" height=\"77\" srcset=\"http:\/\/fr-management.de\/wp-content\/uploads\/2015\/11\/cropped-logoneu.jpg 1260w, http:\/\/fr-management.de\/wp-content\/uploads\/2015\/11\/cropped-logoneu-300x41.jpg 300w, http:\/\/fr-management.de\/wp-content\/uploads\/2015\/11\/cropped-logoneu-1024x139.jpg 1024w, http:\/\/fr-management.de\/wp-content\/uploads\/2015\/11\/cropped-logoneu-1180x160.jpg 1180w\" sizes=\"auto, (max-width: 568px) 100vw, 568px\" \/><\/p>\n<\/div>\n<p>&nbsp;<\/p>\n<div class=\"post\"><\/div>\n<div class=\"post\"><\/div>\n<div class=\"post\"><\/div>\n<div class=\"post\"><a class=\"post-edit-link\" href=\"http:\/\/soccer-family.de\/wp-admin\/post.php?post=66&amp;action=edit\">Edit<\/a><\/div>\n<div class=\"clearfix\"><\/div>\n<\/div>\n<div id=\"sidebar\" class=\"span3\"><\/div>\n<p>&nbsp;<\/p>\n","protected":false},"excerpt":{"rendered":"<p>Die Soccer Family (&#8222;Die Fu\u00dfballfamilie&#8220;) ist das Format der FR Management f\u00fcr Fu\u00dfballprojekte mit Kindern und Jugendlichen sowie Fu\u00dfballaktivit\u00e4ten mit sozialer Nachhaltigkeit. Auch 2019 findet zum wiederholten Male das Soccer-Family-Fu\u00dfballcamp beim ASV Kiefersfelden statt. Aktive oder ehemalige Profifussballer, wie z.B. Max Nicu, Sascha Bigalke, Thomas Steinherr und\u00a0 Fabian G\u00f6tze waren in den letzten Jahren genauso &hellip; <a href=\"http:\/\/fr-management.de\/?page_id=174\" class=\"more-link\">Weiterlesen <span class=\"screen-reader-text\">News<\/span><\/a><\/p>\n","protected":false},"author":1,"featured_media":391,"parent":0,"menu_order":0,"comment_status":"closed","ping_status":"closed","template":"","meta":{"footnotes":""},"class_list":["post-174","page","type-page","status-publish","has-post-thumbnail","hentry","with-featured-image"],"_links":{"self":[{"href":"http:\/\/fr-management.de\/index.php?rest_route=\/wp\/v2\/pages\/174","targetHints":{"allow":["GET"]}}],"collection":[{"href":"http:\/\/fr-management.de\/index.php?rest_route=\/wp\/v2\/pages"}],"about":[{"href":"http:\/\/fr-management.de\/index.php?rest_route=\/wp\/v2\/types\/page"}],"author":[{"embeddable":true,"href":"http:\/\/fr-management.de\/index.php?rest_route=\/wp\/v2\/users\/1"}],"replies":[{"embeddable":true,"href":"http:\/\/fr-management.de\/index.php?rest_route=%2Fwp%2Fv2%2Fcomments&post=174"}],"version-history":[{"count":53,"href":"http:\/\/fr-management.de\/index.php?rest_route=\/wp\/v2\/pages\/174\/revisions"}],"predecessor-version":[{"id":878,"href":"http:\/\/fr-management.de\/index.php?rest_route=\/wp\/v2\/pages\/174\/revisions\/878"}],"wp:featuredmedia":[{"embeddable":true,"href":"http:\/\/fr-management.de\/index.php?rest_route=\/wp\/v2\/media\/391"}],"wp:attachment":[{"href":"http:\/\/fr-management.de\/index.php?rest_route=%2Fwp%2Fv2%2Fmedia&parent=174"}],"curies":[{"name":"wp","href":"https:\/\/api.w.org\/{rel}","templated":true}]}}