{"id":25,"date":"2015-11-29T15:36:56","date_gmt":"2015-11-29T15:36:56","guid":{"rendered":"http:\/\/fr-management.de\/?page_id=25"},"modified":"2017-03-20T10:31:35","modified_gmt":"2017-03-20T10:31:35","slug":"soccer-family","status":"publish","type":"page","link":"http:\/\/fr-management.de\/?page_id=25","title":{"rendered":"Soccer Family"},"content":{"rendered":"<p style=\"text-align: justify;\"><a href=\"http:\/\/www.soccer-family.de\" target=\"_blank\"><img loading=\"lazy\" decoding=\"async\" class=\"wp-image-583 alignleft\" src=\"http:\/\/fr-management.de\/wp-content\/uploads\/2015\/11\/9597370_350x350.png\" alt=\"9597370_350x350\" width=\"163\" height=\"163\" srcset=\"http:\/\/fr-management.de\/wp-content\/uploads\/2015\/11\/9597370_350x350.png 350w, http:\/\/fr-management.de\/wp-content\/uploads\/2015\/11\/9597370_350x350-150x150.png 150w, http:\/\/fr-management.de\/wp-content\/uploads\/2015\/11\/9597370_350x350-300x300.png 300w, http:\/\/fr-management.de\/wp-content\/uploads\/2015\/11\/9597370_350x350-180x180.png 180w, http:\/\/fr-management.de\/wp-content\/uploads\/2015\/11\/9597370_350x350-90x90.png 90w\" sizes=\"auto, (max-width: 163px) 100vw, 163px\" \/><\/a>Die Soccer Family ist unsere Fu\u00dfballschule. Die\u00a0alters- und leistungsgerechten Programme richten sich an Kinder und Jugendliche zwischen 4 und 14 Jahren. Unsere attraktiven Fu\u00dfballangebote sind f\u00fcr jeden Jugendfussballer geeignet.<\/p>\n<p style=\"text-align: justify;\">Mit unseren unterschiedlichen Formaten setzen wir eigene Ma\u00dfst\u00e4be. Dabei ist unser Anspruch, Potentiale und Talente von Kindern und Jugendlichen zu wecken und weiterzuentwickeln. Unsere Trainer kommen aus Nachwuchsleistungszentren, waren oder sind Fu\u00dfballprofi, bzw. arbeiten seit Jahren in der Jugendarbeit und der Talentf\u00f6rderung.\u00a0Wir kooperieren nicht nur mit der Spielvereinigung Unterhaching, sondern mit zahlreichen Vereinen aus der Region und weiteren Partnern aus den verschiedensten Bereichen des Fu\u00dfballs, die uns dabei unterst\u00fctzen, unsere Qualit\u00e4t stetig zu verbessern.<\/p>\n<p style=\"text-align: justify;\">Auf der eigenen Webseite der Soccer Family, der <span style=\"color: #008000;\"><a style=\"color: #008000;\" href=\"http:\/\/www.soccer-family.de\">www.soccer-family.de<\/a><\/span>, werden wir in Zukunft alle Aktivit\u00e4ten genau dokumentieren. Dort finden Sie auch alle Informationen zu unseren aktuellen Angeboten.<\/p>\n<p style=\"text-align: justify;\"><span style=\"color: #008000;\"><a style=\"color: #008000;\" href=\"http:\/\/www.soccer-family.de\" target=\"_blank\">Zur Homepage der Soccer Family geht es hier<\/a><\/span><\/p>\n<p><a href=\"http:\/\/fr-management.de\/wp-content\/uploads\/2015\/11\/cropped-logoneu.jpg\"><img loading=\"lazy\" decoding=\"async\" class=\"alignleft size-full wp-image-19\" src=\"http:\/\/fr-management.de\/wp-content\/uploads\/2015\/11\/cropped-logoneu.jpg\" alt=\"cropped-logoneu.jpg\" width=\"1260\" height=\"171\" srcset=\"http:\/\/fr-management.de\/wp-content\/uploads\/2015\/11\/cropped-logoneu.jpg 1260w, http:\/\/fr-management.de\/wp-content\/uploads\/2015\/11\/cropped-logoneu-300x41.jpg 300w, http:\/\/fr-management.de\/wp-content\/uploads\/2015\/11\/cropped-logoneu-1024x139.jpg 1024w, http:\/\/fr-management.de\/wp-content\/uploads\/2015\/11\/cropped-logoneu-1180x160.jpg 1180w\" sizes=\"auto, (max-width: 1260px) 100vw, 1260px\" \/><\/a><\/p>\n","protected":false},"excerpt":{"rendered":"<p>Die Soccer Family ist unsere Fu\u00dfballschule. Die\u00a0alters- und leistungsgerechten Programme richten sich an Kinder und Jugendliche zwischen 4 und 14 Jahren. Unsere attraktiven Fu\u00dfballangebote sind f\u00fcr jeden Jugendfussballer geeignet. Mit unseren unterschiedlichen Formaten setzen wir eigene Ma\u00dfst\u00e4be. Dabei ist unser Anspruch, Potentiale und Talente von Kindern und Jugendlichen zu wecken und weiterzuentwickeln. Unsere Trainer kommen &hellip; <a href=\"http:\/\/fr-management.de\/?page_id=25\" class=\"more-link\">Weiterlesen <span class=\"screen-reader-text\">Soccer Family<\/span><\/a><\/p>\n","protected":false},"author":1,"featured_media":324,"parent":0,"menu_order":0,"comment_status":"closed","ping_status":"closed","template":"","meta":{"footnotes":""},"class_list":["post-25","page","type-page","status-publish","has-post-thumbnail","hentry","with-featured-image"],"_links":{"self":[{"href":"http:\/\/fr-management.de\/index.php?rest_route=\/wp\/v2\/pages\/25","targetHints":{"allow":["GET"]}}],"collection":[{"href":"http:\/\/fr-management.de\/index.php?rest_route=\/wp\/v2\/pages"}],"about":[{"href":"http:\/\/fr-management.de\/index.php?rest_route=\/wp\/v2\/types\/page"}],"author":[{"embeddable":true,"href":"http:\/\/fr-management.de\/index.php?rest_route=\/wp\/v2\/users\/1"}],"replies":[{"embeddable":true,"href":"http:\/\/fr-management.de\/index.php?rest_route=%2Fwp%2Fv2%2Fcomments&post=25"}],"version-history":[{"count":24,"href":"http:\/\/fr-management.de\/index.php?rest_route=\/wp\/v2\/pages\/25\/revisions"}],"predecessor-version":[{"id":866,"href":"http:\/\/fr-management.de\/index.php?rest_route=\/wp\/v2\/pages\/25\/revisions\/866"}],"wp:featuredmedia":[{"embeddable":true,"href":"http:\/\/fr-management.de\/index.php?rest_route=\/wp\/v2\/media\/324"}],"wp:attachment":[{"href":"http:\/\/fr-management.de\/index.php?rest_route=%2Fwp%2Fv2%2Fmedia&parent=25"}],"curies":[{"name":"wp","href":"https:\/\/api.w.org\/{rel}","templated":true}]}}