{"id":84,"date":"2015-11-29T17:59:43","date_gmt":"2015-11-29T17:59:43","guid":{"rendered":"http:\/\/fr-management.de\/?page_id=84"},"modified":"2017-03-20T10:25:35","modified_gmt":"2017-03-20T10:25:35","slug":"b2b-sports","status":"publish","type":"page","link":"http:\/\/fr-management.de\/?page_id=84","title":{"rendered":"Business &#038; Training"},"content":{"rendered":"<p style=\"text-align: justify;\">Wir stehen f\u00fcr das etwas andere B2B und das sportliche Firmenevent. Unsere Projekte stellen eine Verbindung zwischen Wirtschaftsunternehmen und dem Sport her. Der Sport ist dabei eine ideale B2B-Plattform und eignet sich auch hervorragend f\u00fcr Ihr Firmenevent, das Mitarbeiter und\/oder F\u00fchrungskr\u00e4fte \u201ebewegen\u201c soll.<\/p>\n<p style=\"text-align: justify;\">Bei der Auswahl einer au\u00dfergew\u00f6hnlichen Lokalit\u00e4t unterst\u00fctzen wir Sie gerne. Fu\u00dfball und Golfsport sind die beiden Sportarten auf die wir spezialisiert aber nicht festgelegt sind. Wir vermitteln Ihnen Key-Note-Speaker, Referenten und veranstalten eigene Vortragsreihen. Jedes unserer Formate wird Ihr B2B-Event, Ihre Firmenveranstaltung oder Ihre Feier auf ganz besondere Art und Weise bereichern.<\/p>\n<p style=\"text-align: justify;\">In unseren Unternehmer-Workshops, die wir im Juli 2017 starten, &#8222;trainieren&#8220; wir Sie und geben Ihnen wichtige Impulse f\u00fcr Ihre Unternehmensstrategie. Top-Referenten aus dem Sport, dem professionellen Sportmanagement sowie\u00a0 den Sportwissenschaften sind Ihre &#8222;Coaches&#8220; und leiten die Manager-Trainings von FR Management. In K\u00fcrze finden Sie hier unsere aktuellen Angebote.<\/p>\n<p style=\"text-align: justify;\">Weitere Informationen erhalten Sie, wenn Sie uns direkt kontaktieren:<\/p>\n<p style=\"text-align: justify;\">Florian Rensch<br \/>\nE-Mail: <span style=\"color: #008000;\"><a style=\"color: #008000;\" href=\"mailto:info@fr-management.de\" target=\"_blank\">info@fr-management.de<\/a><\/span><br \/>\nMobil: 0151 \/ 470 63 584<\/p>\n<p><a href=\"http:\/\/fr-management.de\/wp-content\/uploads\/2015\/11\/cropped-logoneu.jpg\"><img loading=\"lazy\" decoding=\"async\" class=\"alignleft size-full wp-image-19\" src=\"http:\/\/fr-management.de\/wp-content\/uploads\/2015\/11\/cropped-logoneu.jpg\" alt=\"cropped-logoneu.jpg\" width=\"1260\" height=\"171\" srcset=\"http:\/\/fr-management.de\/wp-content\/uploads\/2015\/11\/cropped-logoneu.jpg 1260w, http:\/\/fr-management.de\/wp-content\/uploads\/2015\/11\/cropped-logoneu-300x41.jpg 300w, http:\/\/fr-management.de\/wp-content\/uploads\/2015\/11\/cropped-logoneu-1024x139.jpg 1024w, http:\/\/fr-management.de\/wp-content\/uploads\/2015\/11\/cropped-logoneu-1180x160.jpg 1180w\" sizes=\"auto, (max-width: 1260px) 100vw, 1260px\" \/><\/a><\/p>\n","protected":false},"excerpt":{"rendered":"<p>Wir stehen f\u00fcr das etwas andere B2B und das sportliche Firmenevent. Unsere Projekte stellen eine Verbindung zwischen Wirtschaftsunternehmen und dem Sport her. Der Sport ist dabei eine ideale B2B-Plattform und eignet sich auch hervorragend f\u00fcr Ihr Firmenevent, das Mitarbeiter und\/oder F\u00fchrungskr\u00e4fte \u201ebewegen\u201c soll. Bei der Auswahl einer au\u00dfergew\u00f6hnlichen Lokalit\u00e4t unterst\u00fctzen wir Sie gerne. Fu\u00dfball und &hellip; <a href=\"http:\/\/fr-management.de\/?page_id=84\" class=\"more-link\">Weiterlesen <span class=\"screen-reader-text\">Business &#038; Training<\/span><\/a><\/p>\n","protected":false},"author":1,"featured_media":189,"parent":0,"menu_order":0,"comment_status":"closed","ping_status":"closed","template":"","meta":{"footnotes":""},"class_list":["post-84","page","type-page","status-publish","has-post-thumbnail","hentry","with-featured-image"],"_links":{"self":[{"href":"http:\/\/fr-management.de\/index.php?rest_route=\/wp\/v2\/pages\/84","targetHints":{"allow":["GET"]}}],"collection":[{"href":"http:\/\/fr-management.de\/index.php?rest_route=\/wp\/v2\/pages"}],"about":[{"href":"http:\/\/fr-management.de\/index.php?rest_route=\/wp\/v2\/types\/page"}],"author":[{"embeddable":true,"href":"http:\/\/fr-management.de\/index.php?rest_route=\/wp\/v2\/users\/1"}],"replies":[{"embeddable":true,"href":"http:\/\/fr-management.de\/index.php?rest_route=%2Fwp%2Fv2%2Fcomments&post=84"}],"version-history":[{"count":16,"href":"http:\/\/fr-management.de\/index.php?rest_route=\/wp\/v2\/pages\/84\/revisions"}],"predecessor-version":[{"id":865,"href":"http:\/\/fr-management.de\/index.php?rest_route=\/wp\/v2\/pages\/84\/revisions\/865"}],"wp:featuredmedia":[{"embeddable":true,"href":"http:\/\/fr-management.de\/index.php?rest_route=\/wp\/v2\/media\/189"}],"wp:attachment":[{"href":"http:\/\/fr-management.de\/index.php?rest_route=%2Fwp%2Fv2%2Fmedia&parent=84"}],"curies":[{"name":"wp","href":"https:\/\/api.w.org\/{rel}","templated":true}]}}