{"id":87,"date":"2015-11-29T18:01:21","date_gmt":"2015-11-29T18:01:21","guid":{"rendered":"http:\/\/fr-management.de\/?page_id=87"},"modified":"2016-05-24T10:50:55","modified_gmt":"2016-05-24T10:50:55","slug":"fussballcamps","status":"publish","type":"page","link":"http:\/\/fr-management.de\/?page_id=87","title":{"rendered":"Fu\u00dfballcamps"},"content":{"rendered":"<p>Abh\u00e4ngig vom Altersbereich und vom\u00a0Leistungsstand unterscheiden wir die entsprechenden Trainingsprogramme f\u00fcr unsere Fu\u00dfballcamps.<\/p>\n<p><strong>Kids Level: 3 bis 6 Jahre<\/strong><br \/>\nDas ist die Ballschule innerhalb unserer Feriencamps. Soziales Lernen, Fairness, pers\u00f6nliche Erfolgserlebnisse und Teamgeist werden genauso erlebt wie \u00fcbergreifende Sportspielerfahrung aus unterschiedlichen Sportarten, prim\u00e4r dem Fu\u00dfball.<\/p>\n<p><strong>Junior Level: 7 bis 10 Jahre<\/strong><br \/>\nDas Kindertraining orientiert sich an der fu\u00dfballerischen Grundausbildung und setzt technische, koordinative und spielerische Trainingsschwerpunkte.<\/p>\n<p><strong>Top Level: 11 bis 14 Jahre<\/strong><br \/>\n\u201cTrainieren wie im Nachwuchsleistungszentrum\u201d &#8211; unter diesem Motto steht das Jugendtraining in unseren Fu\u00dfballcamps. Selbstverst\u00e4ndlich achten wir auch darauf, ein ambitioniertes Training anzubieten ohne den Einzelnen dabei zu \u00fcberfordern.<\/p>\n<p>Unsere Leistungen sind:<\/p>\n<ul>\n<li>t\u00e4glich zwei Trainingseinheiten<\/li>\n<\/ul>\n<ul>\n<li>Mini-WM und Champions-League-Turnier<\/li>\n<\/ul>\n<ul>\n<li>Ausr\u00fcstungspaket:<\/li>\n<\/ul>\n<p>1 Trikot-Garnitur mit Trikot, Hose und Stutzen<br \/>\n1 Trinkflasche<br \/>\n1 Gymsack (Turnbeutel)<br \/>\nOptional (gegen Aufpreis) : 1 Ball, Individuelle Gestaltung des Trikots (Name\/Nummer), Rucksack mit Initialen (Optionen k\u00f6nnen bei der Anmeldung, bzw. Bezahlung gew\u00e4hlt werden)<\/p>\n<ul>\n<li>Mittagessen (warme, kindgerechte Speisen und Getr\u00e4nke) mit Mittagsbetreuung<\/li>\n<\/ul>\n<ul>\n<li>Fr\u00fchbetreuungsangebot \u00a0ab 8.30 Uhr (gegen Aufpreis)<\/li>\n<\/ul>\n<ul>\n<li>Snacks sowie Getr\u00e4nke w\u00e4hrend der Trainingseinheiten<\/li>\n<\/ul>\n<ul>\n<li>Urkunde und Preise<\/li>\n<\/ul>\n<p><span style=\"color: #339966;\"><a style=\"color: #339966;\" href=\"http:\/\/soccer-family.de\/?page_id=96\">Hier geht es zur Anmeldung<\/a><\/span><\/p>\n<p><a href=\"http:\/\/fr-management.de\/wp-content\/uploads\/2015\/11\/cropped-logoneu.jpg\"><img loading=\"lazy\" decoding=\"async\" class=\"alignleft size-full wp-image-19\" src=\"http:\/\/fr-management.de\/wp-content\/uploads\/2015\/11\/cropped-logoneu.jpg\" alt=\"cropped-logoneu.jpg\" width=\"1260\" height=\"171\" srcset=\"http:\/\/fr-management.de\/wp-content\/uploads\/2015\/11\/cropped-logoneu.jpg 1260w, http:\/\/fr-management.de\/wp-content\/uploads\/2015\/11\/cropped-logoneu-300x41.jpg 300w, http:\/\/fr-management.de\/wp-content\/uploads\/2015\/11\/cropped-logoneu-1024x139.jpg 1024w, http:\/\/fr-management.de\/wp-content\/uploads\/2015\/11\/cropped-logoneu-1180x160.jpg 1180w\" sizes=\"auto, (max-width: 1260px) 100vw, 1260px\" \/><\/a><\/p>\n","protected":false},"excerpt":{"rendered":"<p>Abh\u00e4ngig vom Altersbereich und vom\u00a0Leistungsstand unterscheiden wir die entsprechenden Trainingsprogramme f\u00fcr unsere Fu\u00dfballcamps. Kids Level: 3 bis 6 Jahre Das ist die Ballschule innerhalb unserer Feriencamps. Soziales Lernen, Fairness, pers\u00f6nliche Erfolgserlebnisse und Teamgeist werden genauso erlebt wie \u00fcbergreifende Sportspielerfahrung aus unterschiedlichen Sportarten, prim\u00e4r dem Fu\u00dfball. Junior Level: 7 bis 10 Jahre Das Kindertraining orientiert sich &hellip; <a href=\"http:\/\/fr-management.de\/?page_id=87\" class=\"more-link\">Weiterlesen <span class=\"screen-reader-text\">Fu\u00dfballcamps<\/span><\/a><\/p>\n","protected":false},"author":1,"featured_media":327,"parent":0,"menu_order":0,"comment_status":"closed","ping_status":"closed","template":"","meta":{"footnotes":""},"class_list":["post-87","page","type-page","status-publish","has-post-thumbnail","hentry","with-featured-image"],"_links":{"self":[{"href":"http:\/\/fr-management.de\/index.php?rest_route=\/wp\/v2\/pages\/87","targetHints":{"allow":["GET"]}}],"collection":[{"href":"http:\/\/fr-management.de\/index.php?rest_route=\/wp\/v2\/pages"}],"about":[{"href":"http:\/\/fr-management.de\/index.php?rest_route=\/wp\/v2\/types\/page"}],"author":[{"embeddable":true,"href":"http:\/\/fr-management.de\/index.php?rest_route=\/wp\/v2\/users\/1"}],"replies":[{"embeddable":true,"href":"http:\/\/fr-management.de\/index.php?rest_route=%2Fwp%2Fv2%2Fcomments&post=87"}],"version-history":[{"count":23,"href":"http:\/\/fr-management.de\/index.php?rest_route=\/wp\/v2\/pages\/87\/revisions"}],"predecessor-version":[{"id":821,"href":"http:\/\/fr-management.de\/index.php?rest_route=\/wp\/v2\/pages\/87\/revisions\/821"}],"wp:featuredmedia":[{"embeddable":true,"href":"http:\/\/fr-management.de\/index.php?rest_route=\/wp\/v2\/media\/327"}],"wp:attachment":[{"href":"http:\/\/fr-management.de\/index.php?rest_route=%2Fwp%2Fv2%2Fmedia&parent=87"}],"curies":[{"name":"wp","href":"https:\/\/api.w.org\/{rel}","templated":true}]}}